{"id":631,"date":"2025-01-30T21:36:09","date_gmt":"2025-01-30T21:36:09","guid":{"rendered":"https:\/\/new.fermedeferooz.be\/?page_id=631"},"modified":"2025-08-30T22:44:17","modified_gmt":"2025-08-30T20:44:17","slug":"terms-and-conditions-fr","status":"publish","type":"page","link":"https:\/\/fermedeferooz.be\/?page_id=631","title":{"rendered":"Les conditions g\u00e9n\u00e9rales"},"content":{"rendered":"\n<div class=\"wp-block-group alignfull has-global-padding is-layout-constrained wp-block-group-is-layout-constrained\" style=\"margin-top:0;margin-bottom:0\">\n<div class=\"wp-block-columns alignfull has-contrast-background-color has-background is-layout-flex wp-container-core-columns-is-layout-9c22b1e3 wp-block-columns-is-layout-flex\">\n<div class=\"wp-block-column is-vertically-aligned-center is-layout-flow wp-block-column-is-layout-flow\" style=\"padding-top:var(--wp--preset--spacing--60);padding-right:var(--wp--preset--spacing--60);padding-bottom:var(--wp--preset--spacing--60);padding-left:var(--wp--preset--spacing--60)\">\n<h2 class=\"wp-block-heading has-xx-large-font-size has-base-color has-text-color has-link-color wp-elements-25815d4d5a9610e3e16aed76b0d45566\">Les r\u00e8gles de la maison<\/h2>\n\n\n\n<p class=\"has-base-color has-text-color has-link-color wp-elements-4f071c22aaf2ed0792e4360ab1cc6c35\">Afin de passer un bon moment \u00e0 la Ferme de Ferooz, voici quelques r\u00e8gles et informations.<\/p>\n<\/div>\n\n\n\n<div class=\"wp-block-column is-layout-flow wp-block-column-is-layout-flow\" style=\"flex-basis:55%\">\n<figure class=\"wp-block-image aligncenter size-large is-resized\"><img decoding=\"async\" src=\"\/wp-content\/uploads\/2025\/01\/La-Ferme-de-Ferooz-5.jpg\" alt=\"\" style=\"width:1131px;height:auto\"\/><\/figure>\n<\/div>\n<\/div>\n<\/div>\n\n\n\n<div class=\"wp-block-group alignfull has-global-padding is-layout-constrained wp-block-group-is-layout-constrained\" style=\"margin-top:0;margin-bottom:0\">\n<div class=\"wp-block-group alignwide is-layout-flow wp-container-core-group-is-layout-d58a0413 wp-block-group-is-layout-flow\" style=\"padding-top:var(--wp--preset--spacing--50);padding-bottom:var(--wp--preset--spacing--50)\">\n<h2 class=\"wp-block-heading has-x-large-font-size\">Le Contrat de Location<\/h2>\n\n\n\n<div class=\"wp-block-columns is-layout-flex wp-container-core-columns-is-layout-cbe57604 wp-block-columns-is-layout-flex\">\n<div class=\"wp-block-column is-layout-flow wp-block-column-is-layout-flow\">\n<div class=\"wp-block-group is-layout-flow wp-block-group-is-layout-flow\" style=\"border-top-color:var(--wp--preset--color--accent-6);border-top-width:1px;padding-top:var(--wp--preset--spacing--30);padding-bottom:var(--wp--preset--spacing--30)\">\n<h3 class=\"wp-block-heading\">Annulation par le locataire<\/h3>\n\n\n\n<p>Toute annulation doit \u00eatre notifi\u00e9e par lettre recommand\u00e9e ou courrier \u00e9lectronique confirm\u00e9 par poste. Le locataire peut, moyennant accord du propri\u00e9taire, substituer toute personne qui accepte de contracter aux m\u00eames conditions. Dans ce cas, l\u2019acompte est r\u00e9put\u00e9 pay\u00e9 par le locataire substitu\u00e9. Le locataire peut aussi c\u00e9der sa jouissance \u00e0 toute personne agr\u00e9\u00e9e par le propri\u00e9taire, y compris durant la p\u00e9riode de validit\u00e9 du contrat, en restant personnellement tenu de ses obligations \u00e0 l\u2019\u00e9gard du propri\u00e9taire. Dans les autres cas, l&#8217;acompte de 25% reste acquis au propri\u00e9taire \u00e0 titre d&#8217;indemnit\u00e9. Cette indemnit\u00e9 est port\u00e9e \u00e0&nbsp;:<\/p>\n\n\n\n<ul class=\"wp-block-list\">\n<li>50% du prix du s\u00e9jour si l\u2019annulation intervient de 29 \u00e0 15 jours avant le d\u00e9but du s\u00e9jour.<\/li>\n<\/ul>\n\n\n\n<ul class=\"wp-block-list\">\n<li>75% du prix du s\u00e9jour si l\u2019annulation intervient de 14 \u00e0 8 jours avant le d\u00e9but du s\u00e9jour.<\/li>\n<\/ul>\n\n\n\n<ul class=\"wp-block-list\">\n<li>100% du prix du s\u00e9jour si l\u2019annulation intervient de 7 jours avant le d\u00e9but du s\u00e9jour<strong><em> <\/em><\/strong>au jour du d\u00e9but du s\u00e9jour inclus ou en cas de non pr\u00e9sentation au lieu du s\u00e9jour.<\/li>\n<\/ul>\n<\/div>\n<\/div>\n\n\n\n<div class=\"wp-block-column is-layout-flow wp-block-column-is-layout-flow\">\n<div class=\"wp-block-group is-layout-flow wp-block-group-is-layout-flow\" style=\"border-top-color:var(--wp--preset--color--accent-6);border-top-width:1px;padding-top:var(--wp--preset--spacing--30);padding-bottom:var(--wp--preset--spacing--30)\">\n<h3 class=\"wp-block-heading\">Annulation par le propri\u00e9taire<\/h3>\n\n\n\n<p>Si l&#8217;annulation est le fait du propri\u00e9taire, celui-ci restitue l\u2019acompte pay\u00e9 et une indemnit\u00e9 \u00e9quivalente, port\u00e9e \u00e0:<\/p>\n\n\n\n<ul class=\"wp-block-list\">\n<li>50% du prix du s\u00e9jour si l\u2019annulation intervient de 29 jours a 15 jours avant le d\u00e9but du s\u00e9jour.<\/li>\n\n\n\n<li>75% du prix du s\u00e9jour si l\u2019annulation intervient de 14 \u00e0 18 jours avant le d\u00e9but du s\u00e9jour.<\/li>\n\n\n\n<li>90% du prix du s\u00e9jour si l\u2019annulation intervient de 7 jours avant le d\u00e9but du s\u00e9jour au jour du d\u00e9but du s\u00e9jour inclus. <\/li>\n<\/ul>\n<\/div>\n\n\n\n<p>L&#8217;indemnit\u00e9 n\u2019est toutefois pas due an cas de force majeure.<\/p>\n<\/div>\n<\/div>\n\n\n\n<div class=\"wp-block-columns is-layout-flex wp-container-core-columns-is-layout-cbe57604 wp-block-columns-is-layout-flex\">\n<div class=\"wp-block-column is-layout-flow wp-block-column-is-layout-flow\">\n<div class=\"wp-block-group is-layout-flow wp-block-group-is-layout-flow\" style=\"border-top-color:var(--wp--preset--color--accent-6);border-top-width:1px;padding-top:var(--wp--preset--spacing--30);padding-bottom:var(--wp--preset--spacing--30)\">\n<h3 class=\"wp-block-heading\">Non-manifestation dans les 24 heures de l&#8217;arriv\u00e9e<\/h3>\n\n\n\n<p>Si le locataire ne se manifeste pas dans les 24 heures qui suivent la date d&#8217;arriv\u00e9e mentionn\u00e9e dans le contrat:<\/p>\n\n\n\n<ul class=\"wp-block-list\">\n<li>le contrat devient nul,<\/li>\n\n\n\n<li>l\u2019acompte reste acquis au propri\u00e9taire qui se r\u00e9serve le droit de r\u00e9clamer le solde au locataire,<\/li>\n\n\n\n<li>le propri\u00e9taire peut disposer de son bien.<\/li>\n<\/ul>\n<\/div>\n<\/div>\n\n\n\n<div class=\"wp-block-column is-layout-flow wp-block-column-is-layout-flow\">\n<div class=\"wp-block-group is-layout-flow wp-block-group-is-layout-flow\" style=\"border-top-color:var(--wp--preset--color--accent-6);border-top-width:1px;padding-top:var(--wp--preset--spacing--30);padding-bottom:var(--wp--preset--spacing--30)\">\n<h3 class=\"wp-block-heading\">D\u00e9part pr\u00e9matur\u00e9<\/h3>\n\n\n\n<p>Le d\u00e9part pr\u00e9matur\u00e9 du locataire, et ce quelle qu&#8217;en soit la raison, n&#8217;entra\u00eene aucun remboursement \u2013 m\u00eame partiel &#8211; du prix du s\u00e9jour.<\/p>\n<\/div>\n<\/div>\n<\/div>\n\n\n\n<div class=\"wp-block-columns is-layout-flex wp-container-core-columns-is-layout-cbe57604 wp-block-columns-is-layout-flex\">\n<div class=\"wp-block-column is-layout-flow wp-block-column-is-layout-flow\">\n<div class=\"wp-block-group is-layout-flow wp-block-group-is-layout-flow\" style=\"border-top-color:var(--wp--preset--color--accent-6);border-top-width:1px;padding-top:var(--wp--preset--spacing--30);padding-bottom:var(--wp--preset--spacing--30)\">\n<h3 class=\"wp-block-heading\">Payement<\/h3>\n\n\n\n<p>Le locataire renvoie dans un d\u00e9lai maximum de 10 jours suivant la date de r\u00e9ception du contrat, un exemplaire compl\u00e9t\u00e9 et sign\u00e9 par lui au propri\u00e9taire et paie l\u2019acompte dans le m\u00eame d\u00e9lai. Le solde est exigible 30 jours avant l\u2019entr\u00e9e en jouissance, \u00e0 l\u2019exception toutefois des r\u00e9servations tardives, auquel cas le montant total de la location sera pay\u00e9 \u00e0 l\u2019arriv\u00e9e en m\u00eame temps que la caution. Si le propri\u00e9taire ne re\u00e7oit pas l\u2019exemplaire du contrat lui revenant ou l\u2019acompte dans le d\u00e9lai imparti, celui-ci pourra se d\u00e9sister par simple lettre dans les 8 jours qui suivent la date du paiement tardif de l\u2019acompte ou du renvoi du contrat sign\u00e9 par le locataire.<\/p>\n<\/div>\n<\/div>\n\n\n\n<div class=\"wp-block-column is-layout-flow wp-block-column-is-layout-flow\">\n<div class=\"wp-block-group is-layout-flow wp-block-group-is-layout-flow\" style=\"border-top-color:var(--wp--preset--color--accent-6);border-top-width:1px;padding-top:var(--wp--preset--spacing--30);padding-bottom:var(--wp--preset--spacing--30)\">\n<h3 class=\"wp-block-heading\">Draps de lit et serviettes de bain<\/h3>\n\n\n\n<p>Pour un montant de 12 \u20ac (TVAC) par personne, une soci\u00e9t\u00e9 ext\u00e9rieure mandat\u00e9e par le propri\u00e9taire fournira ce service. Les lits seront faits pour votre arriv\u00e9e.<\/p>\n<\/div>\n<\/div>\n<\/div>\n<\/div>\n\n\n\n<div class=\"wp-block-group alignwide is-layout-flow wp-container-core-group-is-layout-d58a0413 wp-block-group-is-layout-flow\" style=\"padding-top:var(--wp--preset--spacing--50);padding-bottom:var(--wp--preset--spacing--50)\">\n<h2 class=\"wp-block-heading has-x-large-font-size\">Sur place \u00e0 la Ferme de Ferooz<\/h2>\n\n\n\n<div class=\"wp-block-columns is-layout-flex wp-container-core-columns-is-layout-cbe57604 wp-block-columns-is-layout-flex\">\n<div class=\"wp-block-column is-layout-flow wp-block-column-is-layout-flow\">\n<div class=\"wp-block-group is-layout-flow wp-block-group-is-layout-flow\" style=\"border-top-color:var(--wp--preset--color--accent-6);border-top-width:1px;padding-top:var(--wp--preset--spacing--30);padding-bottom:var(--wp--preset--spacing--30)\">\n<h3 class=\"wp-block-heading\">Nombre d&#8217;occupants<\/h3>\n\n\n\n<p>Le locataire use du g\u00eete lou\u00e9 conform\u00e9ment \u00e0 sa destination et en bon p\u00e8re de famille. Si le nombre d&#8217;occupants effectifs par location est sup\u00e9rieur \u00e0 la capacit\u00e9 d&#8217;accueil pr\u00e9cis\u00e9e dans le pr\u00e9sent contrat, le propri\u00e9taire se r\u00e9serve le droit de refuser les personnes suppl\u00e9mentaires sans accord pr\u00e9alable, ou de r\u00e9clamer un suppl\u00e9ment de prix compensatoire. Toute infraction \u00e0 cette clause peut entra\u00eener la r\u00e9siliation imm\u00e9diate du pr\u00e9sent contrat, aux torts du locataire, le montant de la location restant d\u00e9finitivement acquis au propri\u00e9taire.<\/p>\n<\/div>\n<\/div>\n\n\n\n<div class=\"wp-block-column is-layout-flow wp-block-column-is-layout-flow\">\n<div class=\"wp-block-group is-layout-flow wp-block-group-is-layout-flow\" style=\"border-top-color:var(--wp--preset--color--accent-6);border-top-width:1px;padding-top:var(--wp--preset--spacing--30);padding-bottom:var(--wp--preset--spacing--30)\">\n<h3 class=\"wp-block-heading\">En tant que bon p\u00e8re de famille<\/h3>\n\n\n\n<p>Le locataire s&#8217;engage \u00e0 adopter un comportement respectueux des habitants, des animaux et de l\u2019environnement en g\u00e9n\u00e9ral: faune, flore, \u00e9quipements divers&#8230; etc<\/p>\n<\/div>\n<\/div>\n<\/div>\n\n\n\n<div class=\"wp-block-columns is-layout-flex wp-container-core-columns-is-layout-cbe57604 wp-block-columns-is-layout-flex\">\n<div class=\"wp-block-column is-layout-flow wp-block-column-is-layout-flow\">\n<div class=\"wp-block-group is-layout-flow wp-block-group-is-layout-flow\" style=\"border-top-color:var(--wp--preset--color--accent-6);border-top-width:1px;padding-top:var(--wp--preset--spacing--30);padding-bottom:var(--wp--preset--spacing--30)\">\n<h3 class=\"wp-block-heading\">Cam\u00e9ras de surveillance<\/h3>\n\n\n\n<p>Des cam\u00e9ras de surveillance couvrent l&#8217;ext\u00e9rieur de la ferme dont le parking.<\/p>\n<\/div>\n<\/div>\n\n\n\n<div class=\"wp-block-column is-layout-flow wp-block-column-is-layout-flow\">\n<div class=\"wp-block-group is-layout-flow wp-block-group-is-layout-flow\" style=\"border-top-color:var(--wp--preset--color--accent-6);border-top-width:1px;padding-top:var(--wp--preset--spacing--30);padding-bottom:var(--wp--preset--spacing--30)\">\n<h3 class=\"wp-block-heading\">Equipements \u00e9lectrique<\/h3>\n\n\n\n<p>Aucun \u00e9quipement \u00e9lectrique autre que ceux mis \u00e0 disposition dans le g\u00eete ne sera branch\u00e9 sur le r\u00e9seau de la Ferme de Ferooz sans autorisation pr\u00e9alable du propri\u00e9taire, \u00e0 l\u2019exception de s\u00e8che-cheveux, rasoir \u00e9lectrique et chargeurs de GSM, tablette ou ordinateur.<\/p>\n<\/div>\n<\/div>\n<\/div>\n\n\n\n<div class=\"wp-block-columns is-layout-flex wp-container-core-columns-is-layout-cbe57604 wp-block-columns-is-layout-flex\">\n<div class=\"wp-block-column is-layout-flow wp-block-column-is-layout-flow\">\n<div class=\"wp-block-group is-layout-flow wp-block-group-is-layout-flow\" style=\"border-top-color:var(--wp--preset--color--accent-6);border-top-width:1px;padding-top:var(--wp--preset--spacing--30);padding-bottom:var(--wp--preset--spacing--30)\">\n<h3 class=\"wp-block-heading\">Interdictions<\/h3>\n\n\n\n<ul class=\"wp-block-list\">\n<li>Les drones<\/li>\n\n\n\n<li>Les feux d&#8217;artifices<\/li>\n\n\n\n<li>Les animaux domestiques n\u2019y sont pas autoris\u00e9s<\/li>\n\n\n\n<li>Il n\u2019est pas autoris\u00e9 de fumer dans le g\u00eete n\u2019y proche des boxes pour chevaux (paille&nbsp;!)<\/li>\n<\/ul>\n<\/div>\n<\/div>\n\n\n\n<div class=\"wp-block-column is-layout-flow wp-block-column-is-layout-flow\">\n<div class=\"wp-block-group is-layout-flow wp-block-group-is-layout-flow\" style=\"border-top-color:var(--wp--preset--color--accent-6);border-top-width:1px;padding-top:var(--wp--preset--spacing--30);padding-bottom:var(--wp--preset--spacing--30)\">\n<h3 class=\"wp-block-heading\">S\u00e9curit\u00e9<\/h3>\n\n\n\n<ul class=\"wp-block-list\">\n<li>Les enfants sont sous la surveillance de leurs parents<\/li>\n\n\n\n<li>L\u2019acc\u00e8s aux \u00e9tangs est strictement interdit \u00e0 tous les locataires.<\/li>\n<\/ul>\n<\/div>\n<\/div>\n<\/div>\n\n\n\n<div class=\"wp-block-columns is-layout-flex wp-container-core-columns-is-layout-cbe57604 wp-block-columns-is-layout-flex\">\n<div class=\"wp-block-column is-layout-flow wp-block-column-is-layout-flow\">\n<div class=\"wp-block-group is-layout-flow wp-block-group-is-layout-flow\" style=\"border-top-color:var(--wp--preset--color--accent-6);border-top-width:1px;padding-top:var(--wp--preset--spacing--30);padding-bottom:var(--wp--preset--spacing--30)\">\n<h3 class=\"wp-block-heading\">Internet<\/h3>\n\n\n\n<p>Un acc\u00e8s \u00e0 Internet par WiFi est mis \u00e0 la disposition des locataires, mais il est formellement interdit d\u2019acc\u00e9der ou de t\u00e9l\u00e9charger depuis des sites ill\u00e9gaux.<\/p>\n<\/div>\n<\/div>\n\n\n\n<div class=\"wp-block-column is-layout-flow wp-block-column-is-layout-flow\">\n<div class=\"wp-block-group is-layout-flow wp-block-group-is-layout-flow\" style=\"border-top-color:var(--wp--preset--color--accent-6);border-top-width:1px;padding-top:var(--wp--preset--spacing--30);padding-bottom:var(--wp--preset--spacing--30)\">\n<h3 class=\"wp-block-heading\">Borne de chargement<\/h3>\n\n\n\n<p>Une borne \u00e9lectrique est disponible pour la recharge des v\u00e9hicules hybrides ou tout \u00e9lectrique.<\/p>\n<\/div>\n<\/div>\n<\/div>\n<\/div>\n\n\n\n<div class=\"wp-block-group alignwide is-layout-flow wp-container-core-group-is-layout-d58a0413 wp-block-group-is-layout-flow\" style=\"padding-top:var(--wp--preset--spacing--50);padding-bottom:var(--wp--preset--spacing--50)\">\n<h2 class=\"wp-block-heading has-x-large-font-size\">Autres<\/h2>\n\n\n\n<div class=\"wp-block-columns is-layout-flex wp-container-core-columns-is-layout-cbe57604 wp-block-columns-is-layout-flex\">\n<div class=\"wp-block-column is-layout-flow wp-block-column-is-layout-flow\">\n<div class=\"wp-block-group is-layout-flow wp-block-group-is-layout-flow\" style=\"border-top-color:var(--wp--preset--color--accent-6);border-top-width:1px;padding-top:var(--wp--preset--spacing--30);padding-bottom:var(--wp--preset--spacing--30)\">\n<h3 class=\"wp-block-heading\">Tribunaux de Namur<\/h3>\n\n\n\n<p>A d\u00e9faut d&#8217;accord entre parties seuls les tribunaux de l\u2019arrondissement judiciaire de Namur sont comp\u00e9tents.<\/p>\n<\/div>\n<\/div>\n\n\n\n<div class=\"wp-block-column is-layout-flow wp-block-column-is-layout-flow\">\n<div class=\"wp-block-group is-layout-flow wp-block-group-is-layout-flow\" style=\"border-top-color:var(--wp--preset--color--accent-6);border-top-width:1px;padding-top:var(--wp--preset--spacing--30);padding-bottom:var(--wp--preset--spacing--30)\">\n<h3 class=\"wp-block-heading\">RGPD<\/h3>\n\n\n\n<p>Conform\u00e9ment au R\u00e8glement G\u00e9n\u00e9ral sur la Protection des Donn\u00e9es (RGPD), nous nous engageons \u00e0 prot\u00e9ger et \u00e0 respecter votre vie priv\u00e9e. Les informations personnelles que nous collectons sont utilis\u00e9es uniquement \u00e0 des fins de gestion de votre r\u00e9servation et de communication. Elles ne seront ni vendues, ni \u00e9chang\u00e9es, ni transf\u00e9r\u00e9es \u00e0 des tiers sans votre consentement explicite, sauf si la loi l&#8217;exige. Vous avez le droit d&#8217;acc\u00e9der, de rectifier ou de supprimer vos donn\u00e9es personnelles \u00e0 tout moment. Pour toute demande concernant vos donn\u00e9es, veuillez nous contacter via le formulaire de contact.<\/p>\n<\/div>\n<\/div>\n<\/div>\n<\/div>\n<\/div>\n\n\n\n<aside class=\"wp-block-group alignfull is-style-section-3 has-global-padding is-layout-constrained wp-container-core-group-is-layout-f0f2a97b wp-block-group-is-layout-constrained is-style-section-3--1\" style=\"margin-top:0;margin-bottom:0;padding-top:var(--wp--preset--spacing--50);padding-right:var(--wp--preset--spacing--50);padding-bottom:var(--wp--preset--spacing--50);padding-left:var(--wp--preset--spacing--50)\">\n<div class=\"wp-block-group is-vertical is-content-justification-center is-layout-flex wp-container-core-group-is-layout-8778ca4a wp-block-group-is-layout-flex\" style=\"min-height:360px;margin-top:0;margin-bottom:0\">\n<h2 class=\"wp-block-heading has-text-align-center has-xx-large-font-size\">Des questions ?<\/h2>\n\n\n\n<p class=\"has-text-align-center is-style-text-subtitle is-style-text-subtitle--2\">N&#8217;h\u00e9sitez pas \u00e0 nous contacter via le formulaire de<\/p>\n\n\n\n<div style=\"height:0px\" aria-hidden=\"true\" class=\"wp-block-spacer wp-container-content-62aae154\"><\/div>\n\n\n\n<div class=\"wp-block-buttons is-content-justification-center is-layout-flex wp-container-core-buttons-is-layout-a89b3969 wp-block-buttons-is-layout-flex\">\n<div class=\"wp-block-button\"><a class=\"wp-block-button__link has-text-align-center wp-element-button\">Contact<\/a><\/div>\n<\/div>\n<\/div>\n<\/aside>\n","protected":false},"excerpt":{"rendered":"<p>Les r\u00e8gles de la maison Afin de passer un bon moment \u00e0 la Ferme de Ferooz, voici quelques r\u00e8gles et informations. Le Contrat de Location Annulation par le locataire Toute annulation doit \u00eatre notifi\u00e9e par lettre recommand\u00e9e ou courrier \u00e9lectronique confirm\u00e9 par poste. Le locataire peut, moyennant accord du propri\u00e9taire, substituer toute personne qui accepte [&hellip;]<\/p>\n","protected":false},"author":1,"featured_media":0,"parent":0,"menu_order":0,"comment_status":"closed","ping_status":"closed","template":"","meta":{"ngg_post_thumbnail":0,"footnotes":""},"class_list":["post-631","page","type-page","status-publish","hentry"],"_links":{"self":[{"href":"https:\/\/fermedeferooz.be\/index.php?rest_route=\/wp\/v2\/pages\/631","targetHints":{"allow":["GET"]}}],"collection":[{"href":"https:\/\/fermedeferooz.be\/index.php?rest_route=\/wp\/v2\/pages"}],"about":[{"href":"https:\/\/fermedeferooz.be\/index.php?rest_route=\/wp\/v2\/types\/page"}],"author":[{"embeddable":true,"href":"https:\/\/fermedeferooz.be\/index.php?rest_route=\/wp\/v2\/users\/1"}],"replies":[{"embeddable":true,"href":"https:\/\/fermedeferooz.be\/index.php?rest_route=%2Fwp%2Fv2%2Fcomments&post=631"}],"version-history":[{"count":10,"href":"https:\/\/fermedeferooz.be\/index.php?rest_route=\/wp\/v2\/pages\/631\/revisions"}],"predecessor-version":[{"id":1231,"href":"https:\/\/fermedeferooz.be\/index.php?rest_route=\/wp\/v2\/pages\/631\/revisions\/1231"}],"wp:attachment":[{"href":"https:\/\/fermedeferooz.be\/index.php?rest_route=%2Fwp%2Fv2%2Fmedia&parent=631"}],"curies":[{"name":"wp","href":"https:\/\/api.w.org\/{rel}","templated":true}]}}