{"id":307,"date":"2025-01-23T21:01:19","date_gmt":"2025-01-23T21:01:19","guid":{"rendered":"https:\/\/new.fermedeferooz.be\/?page_id=307"},"modified":"2025-08-24T15:27:40","modified_gmt":"2025-08-24T15:27:40","slug":"boxes-a-louer","status":"publish","type":"page","link":"https:\/\/fermedeferooz.be\/?page_id=307","title":{"rendered":"Boxes \u00e0 louer"},"content":{"rendered":"\n<div class=\"wp-block-group alignfull has-global-padding is-layout-constrained wp-block-group-is-layout-constrained\" style=\"margin-top:0;margin-bottom:0;padding-top:var(--wp--preset--spacing--50);padding-bottom:var(--wp--preset--spacing--50)\">\n<div class=\"wp-block-columns alignwide is-layout-flex wp-container-core-columns-is-layout-47c06fe3 wp-block-columns-is-layout-flex\">\n<div class=\"wp-block-column is-layout-flow wp-block-column-is-layout-flow\" style=\"flex-basis:56%\">\n<figure class=\"wp-block-image size-large\"><img decoding=\"async\" src=\"\/wp-content\/uploads\/2025\/02\/Ferme-de-Ferooz-Piste-Exte\u0301rieure-1.jpg\" alt=\"\" style=\"aspect-ratio:1;object-fit:cover\"\/><\/figure>\n<\/div>\n\n\n\n<div class=\"wp-block-column is-vertically-aligned-center is-layout-flow wp-container-core-column-is-layout-119bc444 wp-block-column-is-layout-flow\">\n<h2 class=\"wp-block-heading\">Tout pour vos chevaux<\/h2>\n\n\n\n<p>En tant que man\u00e8ge priv\u00e9, La Ferme de Ferooz vous propose des boxes \u00e0 louer et des prairies.<\/p>\n\n\n\n<div class=\"wp-block-buttons is-layout-flex wp-block-buttons-is-layout-flex\">\n<div class=\"wp-block-button\"><a class=\"wp-block-button__link wp-element-button\" href=\"https:\/\/fermedeferooz.be\/?page_id=312\">Vers la gallerie photos<\/a><\/div>\n<\/div>\n<\/div>\n<\/div>\n<\/div>\n\n\n\n<div class=\"wp-block-group alignfull is-style-section-5 has-global-padding is-layout-constrained wp-block-group-is-layout-constrained is-style-section-5--1\" style=\"margin-top:0;margin-bottom:0;padding-top:var(--wp--preset--spacing--50);padding-bottom:var(--wp--preset--spacing--50)\">\n<div class=\"wp-block-group alignwide is-layout-grid wp-container-core-group-is-layout-75815986 wp-block-group-is-layout-grid\">\n<div class=\"wp-block-group is-vertical is-layout-flex wp-container-core-group-is-layout-d6b9ab57 wp-block-group-is-layout-flex\">\n<h2 class=\"wp-block-heading has-x-large-font-size\">Boxes pour chevaux<\/h2>\n<\/div>\n\n\n\n<div class=\"wp-block-group is-vertical is-content-justification-stretch is-layout-flex wp-container-core-group-is-layout-353c4f5a wp-block-group-is-layout-flex\">\n<div class=\"wp-block-cover is-light\"><img loading=\"lazy\" decoding=\"async\" width=\"1024\" height=\"683\" class=\"wp-block-cover__image-background wp-image-823 size-large\" alt=\"\" src=\"https:\/\/fermedeferooz.be\/wp-content\/uploads\/2025\/02\/Ferme-de-Ferooz-Boxes-2-1024x683.jpg\" data-object-fit=\"cover\" srcset=\"https:\/\/fermedeferooz.be\/wp-content\/uploads\/2025\/02\/Ferme-de-Ferooz-Boxes-2-1024x683.jpg 1024w, https:\/\/fermedeferooz.be\/wp-content\/uploads\/2025\/02\/Ferme-de-Ferooz-Boxes-2-300x200.jpg 300w, https:\/\/fermedeferooz.be\/wp-content\/uploads\/2025\/02\/Ferme-de-Ferooz-Boxes-2-768x512.jpg 768w, https:\/\/fermedeferooz.be\/wp-content\/uploads\/2025\/02\/Ferme-de-Ferooz-Boxes-2-1536x1024.jpg 1536w, https:\/\/fermedeferooz.be\/wp-content\/uploads\/2025\/02\/Ferme-de-Ferooz-Boxes-2-2048x1365.jpg 2048w\" sizes=\"auto, (max-width: 1024px) 100vw, 1024px\" \/><span aria-hidden=\"true\" class=\"wp-block-cover__background has-background-dim-0 has-background-dim\" style=\"background-color:#828282\"><\/span><div class=\"wp-block-cover__inner-container has-global-padding is-layout-constrained wp-block-cover-is-layout-constrained\">\n<div style=\"height:var(--wp--preset--spacing--20)\" aria-hidden=\"true\" class=\"wp-block-spacer\"><\/div>\n<\/div><\/div>\n<\/div>\n\n\n\n<div class=\"wp-block-group is-vertical is-content-justification-stretch is-layout-flex wp-container-core-group-is-layout-353c4f5a wp-block-group-is-layout-flex\">\n<div class=\"wp-block-cover\"><img loading=\"lazy\" decoding=\"async\" width=\"1024\" height=\"683\" class=\"wp-block-cover__image-background wp-image-820 size-large\" alt=\"\" src=\"https:\/\/fermedeferooz.be\/wp-content\/uploads\/2025\/02\/Ferme-de-Ferooz-Boxes-1-1024x683.jpg\" data-object-fit=\"cover\" srcset=\"https:\/\/fermedeferooz.be\/wp-content\/uploads\/2025\/02\/Ferme-de-Ferooz-Boxes-1-1024x683.jpg 1024w, https:\/\/fermedeferooz.be\/wp-content\/uploads\/2025\/02\/Ferme-de-Ferooz-Boxes-1-300x200.jpg 300w, https:\/\/fermedeferooz.be\/wp-content\/uploads\/2025\/02\/Ferme-de-Ferooz-Boxes-1-768x512.jpg 768w, https:\/\/fermedeferooz.be\/wp-content\/uploads\/2025\/02\/Ferme-de-Ferooz-Boxes-1-1536x1024.jpg 1536w, https:\/\/fermedeferooz.be\/wp-content\/uploads\/2025\/02\/Ferme-de-Ferooz-Boxes-1-2048x1365.jpg 2048w\" sizes=\"auto, (max-width: 1024px) 100vw, 1024px\" \/><span aria-hidden=\"true\" class=\"wp-block-cover__background has-background-dim-0 has-background-dim\" style=\"background-color:#d6bc98\"><\/span><div class=\"wp-block-cover__inner-container has-global-padding is-layout-constrained wp-block-cover-is-layout-constrained\">\n<div style=\"height:var(--wp--preset--spacing--20)\" aria-hidden=\"true\" class=\"wp-block-spacer\"><\/div>\n<\/div><\/div>\n<\/div>\n<\/div>\n<\/div>\n\n\n\n<div class=\"wp-block-group alignfull is-style-section-1 has-global-padding is-layout-constrained wp-block-group-is-layout-constrained is-style-section-1--2\" style=\"margin-top:0;margin-bottom:0;padding-top:var(--wp--preset--spacing--50);padding-bottom:var(--wp--preset--spacing--50)\">\n<div class=\"wp-block-group alignwide is-layout-grid wp-container-core-group-is-layout-75815986 wp-block-group-is-layout-grid\">\n<div class=\"wp-block-group is-vertical is-content-justification-stretch is-layout-flex wp-container-core-group-is-layout-353c4f5a wp-block-group-is-layout-flex\">\n<div class=\"wp-block-cover is-light\"><img loading=\"lazy\" decoding=\"async\" width=\"1024\" height=\"683\" class=\"wp-block-cover__image-background wp-image-827 size-large\" alt=\"\" src=\"https:\/\/fermedeferooz.be\/wp-content\/uploads\/2025\/02\/Ferme-de-Ferooz-Rond-de-longe-1-1024x683.jpg\" data-object-fit=\"cover\" srcset=\"https:\/\/fermedeferooz.be\/wp-content\/uploads\/2025\/02\/Ferme-de-Ferooz-Rond-de-longe-1-1024x683.jpg 1024w, https:\/\/fermedeferooz.be\/wp-content\/uploads\/2025\/02\/Ferme-de-Ferooz-Rond-de-longe-1-300x200.jpg 300w, https:\/\/fermedeferooz.be\/wp-content\/uploads\/2025\/02\/Ferme-de-Ferooz-Rond-de-longe-1-768x512.jpg 768w, https:\/\/fermedeferooz.be\/wp-content\/uploads\/2025\/02\/Ferme-de-Ferooz-Rond-de-longe-1-1536x1024.jpg 1536w, https:\/\/fermedeferooz.be\/wp-content\/uploads\/2025\/02\/Ferme-de-Ferooz-Rond-de-longe-1-2048x1365.jpg 2048w\" sizes=\"auto, (max-width: 1024px) 100vw, 1024px\" \/><span aria-hidden=\"true\" class=\"wp-block-cover__background has-background-dim-0 has-background-dim\" style=\"background-color:#828282\"><\/span><div class=\"wp-block-cover__inner-container has-global-padding is-layout-constrained wp-block-cover-is-layout-constrained\">\n<div style=\"height:var(--wp--preset--spacing--20)\" aria-hidden=\"true\" class=\"wp-block-spacer\"><\/div>\n<\/div><\/div>\n<\/div>\n\n\n\n<div class=\"wp-block-group is-vertical is-content-justification-stretch is-layout-flex wp-container-core-group-is-layout-353c4f5a wp-block-group-is-layout-flex\">\n<div class=\"wp-block-cover\"><img loading=\"lazy\" decoding=\"async\" width=\"1024\" height=\"683\" class=\"wp-block-cover__image-background wp-image-821 size-large\" alt=\"\" src=\"https:\/\/fermedeferooz.be\/wp-content\/uploads\/2025\/02\/Ferme-de-Ferooz-Solarium-1024x683.jpg\" data-object-fit=\"cover\" srcset=\"https:\/\/fermedeferooz.be\/wp-content\/uploads\/2025\/02\/Ferme-de-Ferooz-Solarium-1024x683.jpg 1024w, https:\/\/fermedeferooz.be\/wp-content\/uploads\/2025\/02\/Ferme-de-Ferooz-Solarium-300x200.jpg 300w, https:\/\/fermedeferooz.be\/wp-content\/uploads\/2025\/02\/Ferme-de-Ferooz-Solarium-768x512.jpg 768w, https:\/\/fermedeferooz.be\/wp-content\/uploads\/2025\/02\/Ferme-de-Ferooz-Solarium-1536x1024.jpg 1536w, https:\/\/fermedeferooz.be\/wp-content\/uploads\/2025\/02\/Ferme-de-Ferooz-Solarium-2048x1365.jpg 2048w\" sizes=\"auto, (max-width: 1024px) 100vw, 1024px\" \/><span aria-hidden=\"true\" class=\"wp-block-cover__background has-background-dim-0 has-background-dim\" style=\"background-color:#d6bc98\"><\/span><div class=\"wp-block-cover__inner-container has-global-padding is-layout-constrained wp-block-cover-is-layout-constrained\">\n<div style=\"height:var(--wp--preset--spacing--20)\" aria-hidden=\"true\" class=\"wp-block-spacer\"><\/div>\n<\/div><\/div>\n<\/div>\n\n\n\n<div class=\"wp-block-group is-vertical is-layout-flex wp-container-core-group-is-layout-d6b9ab57 wp-block-group-is-layout-flex\">\n<h2 class=\"wp-block-heading has-x-large-font-size\">Rond de longe et Solarium<\/h2>\n<\/div>\n<\/div>\n<\/div>\n\n\n\n<div class=\"wp-block-group alignfull is-style-section-5 has-global-padding is-layout-constrained wp-block-group-is-layout-constrained is-style-section-5--3\" style=\"margin-top:0;margin-bottom:0;padding-top:var(--wp--preset--spacing--50);padding-bottom:var(--wp--preset--spacing--50)\">\n<div class=\"wp-block-group alignwide is-layout-grid wp-container-core-group-is-layout-75815986 wp-block-group-is-layout-grid\">\n<div class=\"wp-block-group is-vertical is-layout-flex wp-container-core-group-is-layout-d6b9ab57 wp-block-group-is-layout-flex\">\n<h2 class=\"wp-block-heading has-x-large-font-size\">Piste int\u00e9rieure et ext\u00e9rieure<\/h2>\n<\/div>\n\n\n\n<div class=\"wp-block-group is-vertical is-content-justification-stretch is-layout-flex wp-container-core-group-is-layout-353c4f5a wp-block-group-is-layout-flex\">\n<div class=\"wp-block-cover\"><img loading=\"lazy\" decoding=\"async\" width=\"1024\" height=\"683\" class=\"wp-block-cover__image-background wp-image-822 size-large\" alt=\"\" src=\"https:\/\/fermedeferooz.be\/wp-content\/uploads\/2025\/02\/Ferme-de-Ferooz-Piste-Inte\u0301rieure-2-1024x683.jpg\" data-object-fit=\"cover\" srcset=\"https:\/\/fermedeferooz.be\/wp-content\/uploads\/2025\/02\/Ferme-de-Ferooz-Piste-Inte\u0301rieure-2-1024x683.jpg 1024w, https:\/\/fermedeferooz.be\/wp-content\/uploads\/2025\/02\/Ferme-de-Ferooz-Piste-Inte\u0301rieure-2-300x200.jpg 300w, https:\/\/fermedeferooz.be\/wp-content\/uploads\/2025\/02\/Ferme-de-Ferooz-Piste-Inte\u0301rieure-2-768x512.jpg 768w, https:\/\/fermedeferooz.be\/wp-content\/uploads\/2025\/02\/Ferme-de-Ferooz-Piste-Inte\u0301rieure-2-1536x1024.jpg 1536w, https:\/\/fermedeferooz.be\/wp-content\/uploads\/2025\/02\/Ferme-de-Ferooz-Piste-Inte\u0301rieure-2-2048x1365.jpg 2048w\" sizes=\"auto, (max-width: 1024px) 100vw, 1024px\" \/><span aria-hidden=\"true\" class=\"wp-block-cover__background has-background-dim-0 has-background-dim\" style=\"background-color:#828282\"><\/span><div class=\"wp-block-cover__inner-container has-global-padding is-layout-constrained wp-block-cover-is-layout-constrained\">\n<div style=\"height:var(--wp--preset--spacing--20)\" aria-hidden=\"true\" class=\"wp-block-spacer\"><\/div>\n<\/div><\/div>\n<\/div>\n\n\n\n<div class=\"wp-block-group is-vertical is-content-justification-stretch is-layout-flex wp-container-core-group-is-layout-353c4f5a wp-block-group-is-layout-flex\">\n<div class=\"wp-block-cover\"><img loading=\"lazy\" decoding=\"async\" width=\"1024\" height=\"683\" class=\"wp-block-cover__image-background wp-image-826 size-large\" alt=\"\" src=\"https:\/\/fermedeferooz.be\/wp-content\/uploads\/2025\/02\/Ferme-de-Ferooz-Piste-Exte\u0301rieure-2-1024x683.jpg\" data-object-fit=\"cover\" srcset=\"https:\/\/fermedeferooz.be\/wp-content\/uploads\/2025\/02\/Ferme-de-Ferooz-Piste-Exte\u0301rieure-2-1024x683.jpg 1024w, https:\/\/fermedeferooz.be\/wp-content\/uploads\/2025\/02\/Ferme-de-Ferooz-Piste-Exte\u0301rieure-2-300x200.jpg 300w, https:\/\/fermedeferooz.be\/wp-content\/uploads\/2025\/02\/Ferme-de-Ferooz-Piste-Exte\u0301rieure-2-768x512.jpg 768w, https:\/\/fermedeferooz.be\/wp-content\/uploads\/2025\/02\/Ferme-de-Ferooz-Piste-Exte\u0301rieure-2-1536x1024.jpg 1536w, https:\/\/fermedeferooz.be\/wp-content\/uploads\/2025\/02\/Ferme-de-Ferooz-Piste-Exte\u0301rieure-2-2048x1365.jpg 2048w\" sizes=\"auto, (max-width: 1024px) 100vw, 1024px\" \/><span aria-hidden=\"true\" class=\"wp-block-cover__background has-background-dim-0 has-background-dim\" style=\"background-color:#d6bc98\"><\/span><div class=\"wp-block-cover__inner-container has-global-padding is-layout-constrained wp-block-cover-is-layout-constrained\">\n<div style=\"height:var(--wp--preset--spacing--20)\" aria-hidden=\"true\" class=\"wp-block-spacer\"><\/div>\n<\/div><\/div>\n<\/div>\n<\/div>\n<\/div>\n","protected":false},"excerpt":{"rendered":"<p>Tout pour vos chevaux En tant que man\u00e8ge priv\u00e9, La Ferme de Ferooz vous propose des boxes \u00e0 louer et des prairies. Boxes pour chevaux Rond de longe et Solarium Piste int\u00e9rieure et ext\u00e9rieure<\/p>\n","protected":false},"author":1,"featured_media":0,"parent":0,"menu_order":0,"comment_status":"closed","ping_status":"closed","template":"","meta":{"ngg_post_thumbnail":0,"footnotes":""},"class_list":["post-307","page","type-page","status-publish","hentry"],"_links":{"self":[{"href":"https:\/\/fermedeferooz.be\/index.php?rest_route=\/wp\/v2\/pages\/307","targetHints":{"allow":["GET"]}}],"collection":[{"href":"https:\/\/fermedeferooz.be\/index.php?rest_route=\/wp\/v2\/pages"}],"about":[{"href":"https:\/\/fermedeferooz.be\/index.php?rest_route=\/wp\/v2\/types\/page"}],"author":[{"embeddable":true,"href":"https:\/\/fermedeferooz.be\/index.php?rest_route=\/wp\/v2\/users\/1"}],"replies":[{"embeddable":true,"href":"https:\/\/fermedeferooz.be\/index.php?rest_route=%2Fwp%2Fv2%2Fcomments&post=307"}],"version-history":[{"count":8,"href":"https:\/\/fermedeferooz.be\/index.php?rest_route=\/wp\/v2\/pages\/307\/revisions"}],"predecessor-version":[{"id":1218,"href":"https:\/\/fermedeferooz.be\/index.php?rest_route=\/wp\/v2\/pages\/307\/revisions\/1218"}],"wp:attachment":[{"href":"https:\/\/fermedeferooz.be\/index.php?rest_route=%2Fwp%2Fv2%2Fmedia&parent=307"}],"curies":[{"name":"wp","href":"https:\/\/api.w.org\/{rel}","templated":true}]}}