{"id":138,"date":"2025-01-22T20:19:01","date_gmt":"2025-01-22T20:19:01","guid":{"rendered":"https:\/\/new.fermedeferooz.be\/?page_id=138"},"modified":"2025-08-24T12:58:27","modified_gmt":"2025-08-24T12:58:27","slug":"la-ferme-de-ferooz","status":"publish","type":"page","link":"https:\/\/fermedeferooz.be\/?page_id=138","title":{"rendered":"Ferme de Ferooz"},"content":{"rendered":"\n<div class=\"wp-block-cover alignfull\" style=\"margin-top:0;margin-bottom:0;padding-top:var(--wp--preset--spacing--50);padding-right:var(--wp--preset--spacing--50);padding-bottom:var(--wp--preset--spacing--50);padding-left:var(--wp--preset--spacing--50);min-height:840px;aspect-ratio:unset;\"><img loading=\"lazy\" decoding=\"async\" width=\"1024\" height=\"586\" class=\"wp-block-cover__image-background wp-image-606 size-large\" alt=\"\" src=\"https:\/\/fermedeferooz.be\/wp-content\/uploads\/2025\/01\/La-Ferme-de-Ferooz-1024x586.jpg\" data-object-fit=\"cover\" srcset=\"https:\/\/fermedeferooz.be\/wp-content\/uploads\/2025\/01\/La-Ferme-de-Ferooz-1024x586.jpg 1024w, https:\/\/fermedeferooz.be\/wp-content\/uploads\/2025\/01\/La-Ferme-de-Ferooz-300x172.jpg 300w, https:\/\/fermedeferooz.be\/wp-content\/uploads\/2025\/01\/La-Ferme-de-Ferooz-768x439.jpg 768w, https:\/\/fermedeferooz.be\/wp-content\/uploads\/2025\/01\/La-Ferme-de-Ferooz-1536x879.jpg 1536w, https:\/\/fermedeferooz.be\/wp-content\/uploads\/2025\/01\/La-Ferme-de-Ferooz-2048x1172.jpg 2048w\" sizes=\"auto, (max-width: 1024px) 100vw, 1024px\" \/><span aria-hidden=\"true\" class=\"wp-block-cover__background has-background-dim-10 has-background-dim\"><\/span><div class=\"wp-block-cover__inner-container has-global-padding is-layout-constrained wp-container-core-cover-is-layout-d89aad35 wp-block-cover-is-layout-constrained\">\n<p><\/p>\n<\/div><\/div>\n\n\n\n<div class=\"wp-block-group alignfull is-style-section-1 has-global-padding is-layout-constrained wp-block-group-is-layout-constrained is-style-section-1--1\" style=\"margin-top:0;margin-bottom:0;padding-top:var(--wp--preset--spacing--80);padding-bottom:var(--wp--preset--spacing--80)\">\n<div class=\"wp-block-columns alignwide is-layout-flex wp-container-core-columns-is-layout-66fad18a wp-block-columns-is-layout-flex\">\n<div class=\"wp-block-column is-layout-flow wp-block-column-is-layout-flow\" style=\"padding-right:var(--wp--preset--spacing--50);flex-basis:45%\">\n<figure class=\"wp-block-image size-large\"><img decoding=\"async\" src=\"\/wp-content\/uploads\/2025\/01\/La-Ferme-de-Ferooz-6.jpg\" alt=\"\"\/><\/figure>\n\n\n\n<div class=\"wp-block-group has-global-padding is-layout-constrained wp-block-group-is-layout-constrained\" style=\"margin-top:-12vw\"><\/div>\n<\/div>\n\n\n\n<div class=\"wp-block-column is-vertically-aligned-center is-layout-flow wp-block-column-is-layout-flow\" style=\"padding-right:0;padding-left:0;flex-basis:50%\">\n<div class=\"wp-block-group is-vertical is-layout-flex wp-container-core-group-is-layout-fe9cc265 wp-block-group-is-layout-flex\">\n<h2 class=\"wp-block-heading is-style-text-annotation is-style-text-annotation--2\">\u00e0 propos de nous<\/h2>\n<\/div>\n\n\n\n<p class=\"is-style-text-subtitle is-style-text-subtitle--3\">Ferme des 16<sup>i\u00e8me<\/sup> au 19<sup>i\u00e8me<\/sup> si\u00e8cles enti\u00e8rement r\u00e9nov\u00e9e et r\u00e9am\u00e9nag\u00e9e en g\u00eetes et man\u00e8ge priv\u00e9.<\/p>\n\n\n\n<p class=\"is-style-text-subtitle has-large-font-size is-style-text-subtitle--4\">Site exceptionnel proche des grands axes routiers (E411,E42,N4).<\/p>\n\n\n\n<p class=\"is-style-text-subtitle has-large-font-size is-style-text-subtitle--5\">30 minutes de Bruxelles, 15 minutes de Namur et \u00e0 5 minutes de Gembloux.<\/p>\n<\/div>\n<\/div>\n<\/div>\n\n\n\n<div class=\"wp-block-group alignfull has-global-padding is-layout-constrained wp-container-core-group-is-layout-ebee8dc1 wp-block-group-is-layout-constrained\" style=\"margin-top:0;margin-bottom:0;padding-top:var(--wp--preset--spacing--50);padding-bottom:var(--wp--preset--spacing--50)\">\n<h2 class=\"wp-block-heading alignwide\">3 G\u00eetes sur un m\u00eame site. L&#8217;ensemble offre <strong><a href=\"\/?page_id=864\">32 lits<\/a><\/strong>.<\/h2>\n\n\n\n<div class=\"wp-block-columns alignwide is-layout-flex wp-container-core-columns-is-layout-28f84493 wp-block-columns-is-layout-flex\">\n<div class=\"wp-block-column is-layout-flow wp-block-column-is-layout-flow\">\n<figure class=\"wp-block-image size-large\" style=\"margin-bottom:24px\"><a href=\"\/?page_id=214\"><img decoding=\"async\" src=\"\/wp-content\/uploads\/2025\/01\/Ferme-de-Ferooz-La-Sellerie-1.jpg\" alt=\"\" style=\"aspect-ratio:4\/3;object-fit:cover\"\/><\/a><\/figure>\n\n\n\n<h3 class=\"wp-block-heading\"><a href=\"\/?page_id=214\">La Sellerie<\/a><\/h3>\n\n\n\n<p class=\"has-medium-font-size\">G\u00eete 3 \u00e9pis de <strong>5 lits<\/strong><\/p>\n<\/div>\n\n\n\n<div class=\"wp-block-column is-layout-flow wp-block-column-is-layout-flow\">\n<figure class=\"wp-block-image size-large\" style=\"margin-bottom:24px\"><a href=\"\/?page_id=97\"><img decoding=\"async\" src=\"\/wp-content\/uploads\/2025\/01\/La-Ferme-de-Ferooz-4.jpg\" alt=\"\" style=\"aspect-ratio:4\/3;object-fit:cover\"\/><\/a><\/figure>\n\n\n\n<h3 class=\"wp-block-heading\"><a href=\"\/?page_id=97\">La Ferme<\/a><\/h3>\n\n\n\n<p class=\"has-medium-font-size\">G\u00eete de grande capacit\u00e9 avec ses <strong>18 lits<\/strong>, sa salle polyvalent<\/p>\n<\/div>\n\n\n\n<div class=\"wp-block-column is-layout-flow wp-block-column-is-layout-flow\">\n<figure class=\"wp-block-image size-large\" style=\"margin-bottom:24px\"><a href=\"\/?page_id=261\"><img decoding=\"async\" src=\"\/wp-content\/uploads\/2025\/01\/Ferme-de-Ferooz-Le-Charril-1.jpg\" alt=\"\" style=\"aspect-ratio:4\/3;object-fit:cover\"\/><\/a><\/figure>\n\n\n\n<h3 class=\"wp-block-heading\"><a href=\"\/?page_id=261\">Le Charril<\/a><\/h3>\n\n\n\n<p class=\"has-medium-font-size\">G\u00eete de 4 \u00e9pis de <strong>9 lits<\/strong><\/p>\n<\/div>\n<\/div>\n<\/div>\n\n\n\n<div class=\"wp-block-group alignfull is-style-section-4 has-global-padding is-layout-constrained wp-block-group-is-layout-constrained is-style-section-4--6\" style=\"margin-top:0;margin-bottom:0;padding-top:var(--wp--preset--spacing--60);padding-bottom:var(--wp--preset--spacing--60)\">\n<div class=\"wp-block-columns alignwide is-layout-flex wp-container-core-columns-is-layout-74b2cda3 wp-block-columns-is-layout-flex\">\n<div class=\"wp-block-column is-layout-flow wp-block-column-is-layout-flow\">\n<div class=\"wp-block-group is-vertical is-content-justification-left is-layout-flex wp-container-core-group-is-layout-7ce391b6 wp-block-group-is-layout-flex\" style=\"min-height:100%\">\n<h2 class=\"wp-block-heading is-style-text-annotation has-x-small-font-size is-style-text-annotation--7\">et encore plus<\/h2>\n\n\n\n<p>Des Boxes \u00e0 louer pour vos chevaux<\/p>\n\n\n\n<figure class=\"wp-block-image size-large\"><a href=\"\/?page_id=307\"><img decoding=\"async\" src=\"\/wp-content\/uploads\/2025\/02\/Ferme-de-Ferooz-Boxes-3-1024x683.jpg\" alt=\"\"\/><\/a><\/figure>\n<\/div>\n<\/div>\n\n\n\n<div class=\"wp-block-column is-layout-flow wp-block-column-is-layout-flow\" style=\"padding-top:0;padding-right:0;padding-bottom:0;padding-left:0\">\n<figure class=\"wp-block-image size-large\"><img decoding=\"async\" src=\"\/wp-content\/uploads\/2025\/02\/Borne-de-chargement-2-1024x611.jpg\" alt=\"\"\/><\/figure>\n\n\n\n<p class=\"has-text-align-left\">Disponibilit\u00e9 d&#8217;une borne de chargement pour voiture \u00e9lectriques et hybrides<\/p>\n<\/div>\n<\/div>\n<\/div>\n\n\n\n<div class=\"wp-block-group alignfull has-global-padding is-layout-constrained wp-block-group-is-layout-constrained\" style=\"margin-top:0;margin-bottom:0;padding-top:var(--wp--preset--spacing--60);padding-bottom:var(--wp--preset--spacing--60)\">\n<div class=\"wp-block-columns alignwide is-layout-flex wp-container-core-columns-is-layout-74b2cda3 wp-block-columns-is-layout-flex\">\n<div class=\"wp-block-column is-layout-flow wp-block-column-is-layout-flow\">\n<div class=\"wp-block-group is-vertical is-content-justification-left is-layout-flex wp-container-core-group-is-layout-7ce391b6 wp-block-group-is-layout-flex\" style=\"min-height:100%\">\n<h2 class=\"wp-block-heading is-style-text-annotation has-x-small-font-size is-style-text-annotation--8\">Vid\u00e9o a\u00e9rienne<\/h2>\n\n\n\n<p><\/p>\n<\/div>\n<\/div>\n\n\n\n<div class=\"wp-block-column is-layout-flow wp-block-column-is-layout-flow\" style=\"padding-top:0;padding-right:0;padding-bottom:0;padding-left:0\">\n<figure class=\"wp-block-embed is-type-video is-provider-youtube wp-block-embed-youtube wp-embed-aspect-16-9 wp-has-aspect-ratio\"><div class=\"wp-block-embed__wrapper\">\n<iframe loading=\"lazy\" title=\"Ferme de Ferooz (G\u00eete et Man\u00e8ge Priv\u00e9) - Vue du Ciel\" width=\"500\" height=\"281\" src=\"https:\/\/www.youtube.com\/embed\/NkTbqwwNFqA?feature=oembed\" frameborder=\"0\" allow=\"accelerometer; autoplay; clipboard-write; encrypted-media; gyroscope; picture-in-picture; web-share\" referrerpolicy=\"strict-origin-when-cross-origin\" allowfullscreen><\/iframe>\n<\/div><\/figure>\n<\/div>\n<\/div>\n<\/div>\n\n\n\n<aside class=\"wp-block-group alignfull is-style-section-3 has-global-padding is-layout-constrained wp-container-core-group-is-layout-f0f2a97b wp-block-group-is-layout-constrained is-style-section-3--9\" style=\"margin-top:0;margin-bottom:0;padding-top:var(--wp--preset--spacing--50);padding-right:var(--wp--preset--spacing--50);padding-bottom:var(--wp--preset--spacing--50);padding-left:var(--wp--preset--spacing--50)\">\n<div class=\"wp-block-group is-vertical is-content-justification-center is-layout-flex wp-container-core-group-is-layout-8778ca4a wp-block-group-is-layout-flex\" style=\"min-height:360px;margin-top:0;margin-bottom:0\">\n<h2 class=\"wp-block-heading has-text-align-center has-xx-large-font-size\">Des questions ?<\/h2>\n\n\n\n<p class=\"has-text-align-center is-style-text-subtitle is-style-text-subtitle--10\">N&#8217;h\u00e9sitez pas \u00e0 nous contacter<\/p>\n\n\n\n<div style=\"height:0px\" aria-hidden=\"true\" class=\"wp-block-spacer wp-container-content-62aae154\"><\/div>\n\n\n\n<div class=\"wp-block-buttons is-content-justification-center is-layout-flex wp-container-core-buttons-is-layout-a89b3969 wp-block-buttons-is-layout-flex\">\n<div class=\"wp-block-button\"><a class=\"wp-block-button__link has-text-align-center wp-element-button\" href=\"\/?page_id=361\">Contact<\/a><\/div>\n<\/div>\n<\/div>\n<\/aside>\n","protected":false},"excerpt":{"rendered":"<p>\u00e0 propos de nous Ferme des 16i\u00e8me au 19i\u00e8me si\u00e8cles enti\u00e8rement r\u00e9nov\u00e9e et r\u00e9am\u00e9nag\u00e9e en g\u00eetes et man\u00e8ge priv\u00e9. Site exceptionnel proche des grands axes routiers (E411,E42,N4). 30 minutes de Bruxelles, 15 minutes de Namur et \u00e0 5 minutes de Gembloux. 3 G\u00eetes sur un m\u00eame site. L&#8217;ensemble offre 32 lits. La Sellerie G\u00eete 3 [&hellip;]<\/p>\n","protected":false},"author":1,"featured_media":0,"parent":0,"menu_order":0,"comment_status":"closed","ping_status":"closed","template":"","meta":{"ngg_post_thumbnail":0,"footnotes":""},"class_list":["post-138","page","type-page","status-publish","hentry"],"_links":{"self":[{"href":"https:\/\/fermedeferooz.be\/index.php?rest_route=\/wp\/v2\/pages\/138","targetHints":{"allow":["GET"]}}],"collection":[{"href":"https:\/\/fermedeferooz.be\/index.php?rest_route=\/wp\/v2\/pages"}],"about":[{"href":"https:\/\/fermedeferooz.be\/index.php?rest_route=\/wp\/v2\/types\/page"}],"author":[{"embeddable":true,"href":"https:\/\/fermedeferooz.be\/index.php?rest_route=\/wp\/v2\/users\/1"}],"replies":[{"embeddable":true,"href":"https:\/\/fermedeferooz.be\/index.php?rest_route=%2Fwp%2Fv2%2Fcomments&post=138"}],"version-history":[{"count":21,"href":"https:\/\/fermedeferooz.be\/index.php?rest_route=\/wp\/v2\/pages\/138\/revisions"}],"predecessor-version":[{"id":1193,"href":"https:\/\/fermedeferooz.be\/index.php?rest_route=\/wp\/v2\/pages\/138\/revisions\/1193"}],"wp:attachment":[{"href":"https:\/\/fermedeferooz.be\/index.php?rest_route=%2Fwp%2Fv2%2Fmedia&parent=138"}],"curies":[{"name":"wp","href":"https:\/\/api.w.org\/{rel}","templated":true}]}}